{"id":36,"date":"2019-10-31T12:12:24","date_gmt":"2019-10-31T15:12:24","guid":{"rendered":"https:\/\/www.encontragrajau.com.br\/sobre\/?page_id=36"},"modified":"2021-05-07T17:15:52","modified_gmt":"2021-05-07T20:15:52","slug":"sobre-o-grajau","status":"publish","type":"page","link":"https:\/\/www.encontragrajau.com.br\/sobre\/","title":{"rendered":"Sobre o Graja\u00fa"},"content":{"rendered":"<div class=\"0adb2d9ece88ece31e84210593a5933d\" data-index=\"1\" style=\"float: left; margin: 15px 15px 15px 0;\">\n<!-- GeoPlaces - banner DIR - 300x250, criado JAN\/13 -->\r\n<ins class=\"adsbygoogle\"\r\n     style=\"display:inline-block;width:300px;height:250px\"\r\n     data-ad-client=\"ca-pub-5823210502176162\"\r\n     data-ad-slot=\"2769479760\"><\/ins>\r\n<script>\r\n(adsbygoogle = window.adsbygoogle || []).push({});\r\n<\/script>\n<\/div>\n<p><a href=\"https:\/\/www.encontragrajau.com.br\/sobre\/noticias\/\"><img decoding=\"async\" loading=\"lazy\" class=\"aligncenter\" src=\"http:\/\/feeds.feedburner.com\/encontragrajau.gif?w=1&amp;c=1&amp;bb=gtTD\" alt=\"Blog do Guia do Bairro Graja\u00fa\" width=\"468\" height=\"60\" border=\"0\" \/><\/a><\/p>\n<h2>Limites &#8211; Bairros Vizinhos &#8211; <a href=\"http:\/\/www.zonasulsp.com.br\/\" target=\"_blank\" rel=\"noopener noreferrer\">Zona Sul<\/a><\/h2>\n<p>Pedreira, <a title=\"Diadema\" href=\"https:\/\/www.encontraemdiadema.com.br\/\" target=\"_blank\" rel=\"noopener noreferrer\">Diadema<\/a>, <a title=\"S\u00e3o Bernardo do Campo\" href=\"https:\/\/www.encontraemsaobernardo.com.br\/\" target=\"_blank\" rel=\"noopener noreferrer\">S\u00e3o Bernardo do Campo<\/a>, <a title=\"Cidade Dutra\" href=\"https:\/\/www.encontracidadedutra.com.br\/\" target=\"_blank\" rel=\"noopener noreferrer\">Cidade Dutra<\/a> e <a title=\"Parelheiros\" href=\"https:\/\/www.encontraparelheiros.com.br\/\" target=\"_blank\" rel=\"noopener noreferrer\">Parelheiros<\/a><\/p>\n<h3>Dados Principais sobre o Graja\u00fa<\/h3>\n<p><strong>Popula\u00e7\u00e3o<\/strong> 500.787 hab. (2010)<br \/>\n<strong>Renda m\u00e9dia<\/strong> R$ 2.500,00<br \/>\n<strong>IDH<\/strong> 0,754 &#8211; medio<br \/>\n<strong>Subprefeitura<\/strong> Campo Limpo<br \/>\n<strong>Regi\u00e3o Administrativa<\/strong> Capela do Socorro<br \/>\n<strong>\u00c1rea Geogr\u00e1fica<\/strong> 6<\/p>\n<h2>V\u00eddeo sobre o bairro do Graja\u00fa<\/h2>\n<p><iframe loading=\"lazy\" style=\"width: 100%; height: 285px;\" title=\"Video sobre o Bairro do Graja\u00fa\" src=\"http:\/\/www.youtube.com\/embed\/EZ1Q9JKjzNg?rel=0\" width=\"300\" height=\"150\" frameborder=\"0\" allowfullscreen=\"allowfullscreen\"><\/iframe><\/p>\n<h3>Mapa de Graja\u00fa<\/h3>\n<p><iframe loading=\"lazy\" style=\"border: 0;\" src=\"https:\/\/www.google.com\/maps\/embed?pb=!1m18!1m12!1m3!1d7302.585981824318!2d-46.67371570078922!3d-23.77257883801096!2m3!1f0!2f0!3f0!3m2!1i1024!2i768!4f13.1!3m3!1m2!1s0x94ce46208b32b25f%3A0x74c2e2df5912e95!2zR3JhamHDuiwgU8OjbyBQYXVsbyAtIFNQ!5e0!3m2!1spt-BR!2sbr!4v1493313204262\" width=\"98%\" height=\"300\" frameborder=\"0\" allowfullscreen=\"allowfullscreen\" data-mce-fragment=\"1\"><\/iframe><\/p>\n<h2>Hist\u00f3ria do Graja\u00fa<\/h2>\n<p><img decoding=\"async\" loading=\"lazy\" class=\"aligncenter\" src=\"https:\/\/www.encontragrajau.com.br\/wp-content\/uploads\/2013\/04\/grajau-foto.jpg\" alt=\"\" width=\"650\" height=\"400\" \/><\/p>\n<p>O <a href=\"http:\/\/sobre-grajau\">Graja\u00fa<\/a> \u00e9 um distrito do munic\u00edpio de S\u00e3o Paulo. \u00c9 administrado pela subprefeitura da Capela do Socorro, dentro da regi\u00e3o administrativa da Zona Sul de S\u00e3o Paulo. Seus limites s\u00e3o os distritos de Pedreira, Cidade Dutra, Parelheiros e o munic\u00edpio de S\u00e3o Bernardo do Campo e Diadema. Fica a 26 km da Pra\u00e7a da S\u00e9, e 14 km dos principais bairros da zona sul da cidade como Santo Amaro e Jabaquara. Atualmente possui uma popula\u00e7\u00e3o de aproximadamente 445 mil habitantes, sendo o mais populoso da capital.<\/p>\n<p>Esta\u00e7\u00e3o de Trem Graja\u00fa<br \/>\nHoje o Graja\u00fa vem mostrando um forte desenvolvimento com grandes constru\u00e7\u00f5es tanto na \u00e1rea residencial quanto comercial. bairros como Parque Residencial Cocaia, Jardim Novo Horizonte, Jardim Eliana, Parque Graja\u00fa, Jardim Varginha e Vila Natal conta com uma grande \u00e1rea comercial, enquanto bairros como Jardim S\u00e3o Bernardo, Jardim Shangrila, Jardim Marilda, Palmares, Jardim Noronha e Parque Am\u00e9rica, s\u00e3o extremamente residencial.<\/p>\n<h3>Transportes<\/h3>\n<p>Terminal\/Esta\u00e7\u00e3o Graja\u00fa \u00e9 terminal urbano integrado com uma esta\u00e7\u00e3o ferrovi\u00e1ria da Linha 9 &#8211; Esmeralda da CPTM, e que \u00e9 considerado o maior ponto de refer\u00eancia para a regi\u00e3o, transportando pessoas do distrito e de regi\u00f5es pr\u00f3ximas. Estima-se que o Terminal\/Esta\u00e7\u00e3o, seja respons\u00e1vel por transportar quase meio milh\u00e3o de pessoas diariamente, transformando-o em um dos maiores terminais urbanos da cidade de S\u00e3o Paulo. Ele \u00e9 importante tamb\u00e9m por ser respons\u00e1vel pelas baldea\u00e7\u00f5es feitas para os bairros.<br \/>\nAs linhas de \u00f4nibus do terminal Graja\u00fa atendem a uma alta demanda de pessoas que moram no distrito, inclusive a popula\u00e7\u00e3o que vive nas margens da Represa Billings. J\u00e1 a esta\u00e7\u00e3o ferrovi\u00e1ria \u00e9 o ponto de partida da Linha 9 &#8211; Esmeralda da CPTM, que possui a linha ferrovi\u00e1ria mais sofisticada e fundamental da cidade de S\u00e3o Paulo.<\/p>\n<p>O\u00a0Terminal Varginha foi inaugurado em 2004. \u00c9 um terminal urbano administrado pela SPTrans brasileira, situado no in\u00edcio da Avenida Paulo Guilguer Reimberg. O terminal ser\u00e1 remanejado para pr\u00f3ximo da futura Esta\u00e7\u00e3o Varginha da Linha 9 &#8211; Esmeralda da CPTM, em obras desde 2012.<\/p>\n\n<div style=\"font-size: 0px; height: 0px; line-height: 0px; margin: 0; padding: 0; clear: both;\"><\/div>","protected":false},"excerpt":{"rendered":"<p>Limites &#8211; Bairros Vizinhos &#8211; Zona Sul Pedreira, Diadema, S\u00e3o Bernardo do Campo, Cidade Dutra e Parelheiros Dados Principais sobre o Graja\u00fa Popula\u00e7\u00e3o 500.787 hab. (2010) Renda m\u00e9dia R$ 2.500,00 IDH 0,754 &#8211; medio Subprefeitura Campo Limpo Regi\u00e3o Administrativa Capela do Socorro \u00c1rea Geogr\u00e1fica 6 V\u00eddeo sobre o bairro do Graja\u00fa Mapa de Graja\u00fa Hist\u00f3ria do Graja\u00fa O Graja\u00fa \u00e9 um distrito do munic\u00edpio de S\u00e3o Paulo. \u00c9 administrado pela subprefeitura da Capela do Socorro, dentro da regi\u00e3o administrativa da Zona Sul de S\u00e3o Paulo. Seus limites s\u00e3o os distritos de Pedreira, Cidade Dutra, Parelheiros e o munic\u00edpio de S\u00e3o <\/p>\n","protected":false},"author":1,"featured_media":0,"parent":0,"menu_order":0,"comment_status":"closed","ping_status":"closed","template":"","meta":[],"yoast_head":"<!-- This site is optimized with the Yoast SEO plugin v20.1 - https:\/\/yoast.com\/wordpress\/plugins\/seo\/ -->\n<title>Sobre o Graja\u00fa - Sobre Graja\u00fa - Encontra Graja\u00fa<\/title>\n<meta name=\"robots\" content=\"index, follow, max-snippet:-1, max-image-preview:large, max-video-preview:-1\" \/>\n<link rel=\"canonical\" href=\"https:\/\/www.encontragrajau.com.br\/sobre\/\" \/>\n<meta property=\"og:locale\" content=\"pt_BR\" \/>\n<meta property=\"og:type\" content=\"article\" \/>\n<meta property=\"og:title\" content=\"Sobre o Graja\u00fa - Sobre Graja\u00fa - Encontra Graja\u00fa\" \/>\n<meta property=\"og:description\" content=\"Limites &#8211; Bairros Vizinhos &#8211; Zona Sul Pedreira, Diadema, S\u00e3o Bernardo do Campo, Cidade Dutra e Parelheiros Dados Principais sobre o Graja\u00fa Popula\u00e7\u00e3o 500.787 hab. (2010) Renda m\u00e9dia R$ 2.500,00 IDH 0,754 &#8211; medio Subprefeitura Campo Limpo Regi\u00e3o Administrativa Capela do Socorro \u00c1rea Geogr\u00e1fica 6 V\u00eddeo sobre o bairro do Graja\u00fa Mapa de Graja\u00fa Hist\u00f3ria do Graja\u00fa O Graja\u00fa \u00e9 um distrito do munic\u00edpio de S\u00e3o Paulo. \u00c9 administrado pela subprefeitura da Capela do Socorro, dentro da regi\u00e3o administrativa da Zona Sul de S\u00e3o Paulo. Seus limites s\u00e3o os distritos de Pedreira, Cidade Dutra, Parelheiros e o munic\u00edpio de S\u00e3o\" \/>\n<meta property=\"og:url\" content=\"https:\/\/www.encontragrajau.com.br\/sobre\/\" \/>\n<meta property=\"og:site_name\" content=\"Sobre Graja\u00fa - Encontra Graja\u00fa\" \/>\n<meta property=\"article:modified_time\" content=\"2021-05-07T20:15:52+00:00\" \/>\n<meta property=\"og:image\" content=\"http:\/\/feeds.feedburner.com\/encontragrajau.gif?w=1&amp;c=1&amp;bb=gtTD\" \/>\n<meta name=\"twitter:card\" content=\"summary_large_image\" \/>\n<meta name=\"twitter:label1\" content=\"Est. tempo de leitura\" \/>\n\t<meta name=\"twitter:data1\" content=\"2 minutos\" \/>\n<script type=\"application\/ld+json\" class=\"yoast-schema-graph\">{\"@context\":\"https:\/\/schema.org\",\"@graph\":[{\"@type\":\"WebPage\",\"@id\":\"https:\/\/www.encontragrajau.com.br\/sobre\/\",\"url\":\"https:\/\/www.encontragrajau.com.br\/sobre\/\",\"name\":\"Sobre o Graja\u00fa - Sobre Graja\u00fa - Encontra Graja\u00fa\",\"isPartOf\":{\"@id\":\"https:\/\/www.encontragrajau.com.br\/sobre\/#website\"},\"datePublished\":\"2019-10-31T15:12:24+00:00\",\"dateModified\":\"2021-05-07T20:15:52+00:00\",\"breadcrumb\":{\"@id\":\"https:\/\/www.encontragrajau.com.br\/sobre\/#breadcrumb\"},\"inLanguage\":\"pt-BR\",\"potentialAction\":[{\"@type\":\"ReadAction\",\"target\":[\"https:\/\/www.encontragrajau.com.br\/sobre\/\"]}]},{\"@type\":\"BreadcrumbList\",\"@id\":\"https:\/\/www.encontragrajau.com.br\/sobre\/#breadcrumb\",\"itemListElement\":[{\"@type\":\"ListItem\",\"position\":1,\"name\":\"In\u00edcio\",\"item\":\"https:\/\/www.encontragrajau.com.br\/sobre\/\"},{\"@type\":\"ListItem\",\"position\":2,\"name\":\"Sobre o Graja\u00fa\"}]},{\"@type\":\"WebSite\",\"@id\":\"https:\/\/www.encontragrajau.com.br\/sobre\/#website\",\"url\":\"https:\/\/www.encontragrajau.com.br\/sobre\/\",\"name\":\"Sobre Graja\u00fa - Encontra Graja\u00fa\",\"description\":\"Not\u00edcias, eventos, informa\u00e7\u00f5es e dicas no bairro do Graja\u00fa e regi\u00e3o.\",\"potentialAction\":[{\"@type\":\"SearchAction\",\"target\":{\"@type\":\"EntryPoint\",\"urlTemplate\":\"https:\/\/www.encontragrajau.com.br\/sobre\/?s={search_term_string}\"},\"query-input\":\"required name=search_term_string\"}],\"inLanguage\":\"pt-BR\"}]}<\/script>\n<!-- \/ Yoast SEO plugin. -->","yoast_head_json":{"title":"Sobre o Graja\u00fa - Sobre Graja\u00fa - Encontra Graja\u00fa","robots":{"index":"index","follow":"follow","max-snippet":"max-snippet:-1","max-image-preview":"max-image-preview:large","max-video-preview":"max-video-preview:-1"},"canonical":"https:\/\/www.encontragrajau.com.br\/sobre\/","og_locale":"pt_BR","og_type":"article","og_title":"Sobre o Graja\u00fa - Sobre Graja\u00fa - Encontra Graja\u00fa","og_description":"Limites &#8211; Bairros Vizinhos &#8211; Zona Sul Pedreira, Diadema, S\u00e3o Bernardo do Campo, Cidade Dutra e Parelheiros Dados Principais sobre o Graja\u00fa Popula\u00e7\u00e3o 500.787 hab. (2010) Renda m\u00e9dia R$ 2.500,00 IDH 0,754 &#8211; medio Subprefeitura Campo Limpo Regi\u00e3o Administrativa Capela do Socorro \u00c1rea Geogr\u00e1fica 6 V\u00eddeo sobre o bairro do Graja\u00fa Mapa de Graja\u00fa Hist\u00f3ria do Graja\u00fa O Graja\u00fa \u00e9 um distrito do munic\u00edpio de S\u00e3o Paulo. \u00c9 administrado pela subprefeitura da Capela do Socorro, dentro da regi\u00e3o administrativa da Zona Sul de S\u00e3o Paulo. Seus limites s\u00e3o os distritos de Pedreira, Cidade Dutra, Parelheiros e o munic\u00edpio de S\u00e3o","og_url":"https:\/\/www.encontragrajau.com.br\/sobre\/","og_site_name":"Sobre Graja\u00fa - Encontra Graja\u00fa","article_modified_time":"2021-05-07T20:15:52+00:00","og_image":[{"url":"http:\/\/feeds.feedburner.com\/encontragrajau.gif?w=1&amp;c=1&amp;bb=gtTD"}],"twitter_card":"summary_large_image","twitter_misc":{"Est. tempo de leitura":"2 minutos"},"schema":{"@context":"https:\/\/schema.org","@graph":[{"@type":"WebPage","@id":"https:\/\/www.encontragrajau.com.br\/sobre\/","url":"https:\/\/www.encontragrajau.com.br\/sobre\/","name":"Sobre o Graja\u00fa - Sobre Graja\u00fa - Encontra Graja\u00fa","isPartOf":{"@id":"https:\/\/www.encontragrajau.com.br\/sobre\/#website"},"datePublished":"2019-10-31T15:12:24+00:00","dateModified":"2021-05-07T20:15:52+00:00","breadcrumb":{"@id":"https:\/\/www.encontragrajau.com.br\/sobre\/#breadcrumb"},"inLanguage":"pt-BR","potentialAction":[{"@type":"ReadAction","target":["https:\/\/www.encontragrajau.com.br\/sobre\/"]}]},{"@type":"BreadcrumbList","@id":"https:\/\/www.encontragrajau.com.br\/sobre\/#breadcrumb","itemListElement":[{"@type":"ListItem","position":1,"name":"In\u00edcio","item":"https:\/\/www.encontragrajau.com.br\/sobre\/"},{"@type":"ListItem","position":2,"name":"Sobre o Graja\u00fa"}]},{"@type":"WebSite","@id":"https:\/\/www.encontragrajau.com.br\/sobre\/#website","url":"https:\/\/www.encontragrajau.com.br\/sobre\/","name":"Sobre Graja\u00fa - Encontra Graja\u00fa","description":"Not\u00edcias, eventos, informa\u00e7\u00f5es e dicas no bairro do Graja\u00fa e regi\u00e3o.","potentialAction":[{"@type":"SearchAction","target":{"@type":"EntryPoint","urlTemplate":"https:\/\/www.encontragrajau.com.br\/sobre\/?s={search_term_string}"},"query-input":"required name=search_term_string"}],"inLanguage":"pt-BR"}]}},"_links":{"self":[{"href":"https:\/\/www.encontragrajau.com.br\/sobre\/wp-json\/wp\/v2\/pages\/36"}],"collection":[{"href":"https:\/\/www.encontragrajau.com.br\/sobre\/wp-json\/wp\/v2\/pages"}],"about":[{"href":"https:\/\/www.encontragrajau.com.br\/sobre\/wp-json\/wp\/v2\/types\/page"}],"author":[{"embeddable":true,"href":"https:\/\/www.encontragrajau.com.br\/sobre\/wp-json\/wp\/v2\/users\/1"}],"replies":[{"embeddable":true,"href":"https:\/\/www.encontragrajau.com.br\/sobre\/wp-json\/wp\/v2\/comments?post=36"}],"version-history":[{"count":6,"href":"https:\/\/www.encontragrajau.com.br\/sobre\/wp-json\/wp\/v2\/pages\/36\/revisions"}],"predecessor-version":[{"id":3204,"href":"https:\/\/www.encontragrajau.com.br\/sobre\/wp-json\/wp\/v2\/pages\/36\/revisions\/3204"}],"wp:attachment":[{"href":"https:\/\/www.encontragrajau.com.br\/sobre\/wp-json\/wp\/v2\/media?parent=36"}],"curies":[{"name":"wp","href":"https:\/\/api.w.org\/{rel}","templated":true}]}}